{"id":18,"date":"2022-11-15T15:54:31","date_gmt":"2022-11-15T15:54:31","guid":{"rendered":"https:\/\/labs.100x100.net\/projects\/condeminas\/?page_id=18"},"modified":"2023-03-27T17:40:59","modified_gmt":"2023-03-27T17:40:59","slug":"avis-legal","status":"publish","type":"page","link":"https:\/\/www.casacondeminasbarcelona.com\/ca\/avis-legal\/","title":{"rendered":"Av\u00eds legal"},"content":{"rendered":"<p>UNIQ RESIDENTIAL, S.L. compleix amb els requisits establerts en la normativa actual sobre Protecci\u00f3 de Dades de Car\u00e0cter Personal i Comer\u00e7 Electr\u00f2nic. A tal fi, ha creat el seg\u00fcent Av\u00eds Legal:<\/p>\n<h2>Informaci\u00f3<\/h2>\n<p>Denominaci\u00f3 social: UNIQ RESIDENTIAL, S.L. NIF: B-66338492. Dades d&#8217;inscripci\u00f3: Inscrita en el Registre Mercantil de Barcelona, Tom 44.424, Foli 57, Fulla B-455646. Nom de domini: www.uniqresidential.com.<\/p>\n<h2>Dades de contacte<\/h2>\n<p>Adre\u00e7a: Passeig de Gr\u00e0cia, 77 pis 1r 08008 Barcelona.<br \/>\nTel.: +34 931 258 617<br \/>\nE-mail:\u00a0<a href=\"mailto:dpo@puniqresidential.com\">dpo@uniqresidential.com<\/a><\/p>\n<h2>Condicions generals d&#8217;\u00fas<\/h2>\n<p>Tota persona que accedeixi a aquest lloc web assumeix el paper d&#8217;Usuari, comprometent-se a l&#8217;observan\u00e7a i compliment rigor\u00f3s de les disposicions aqu\u00ed disposades, aix\u00ed com a qualsevol altra disposici\u00f3 legal que fos aplicable.<\/p>\n<p>UNIQ RESIDENTIAL, S.L. es reserva el dret a modificar qualsevol tipus d&#8217;informaci\u00f3 que pogu\u00e9s apar\u00e8ixer en el lloc web, sense que existeixi obligaci\u00f3 de preavisar o posar en coneixement dels Usuaris aquestes obligacions, entenent-se com a suficient amb la publicaci\u00f3 en el seu lloc web.<\/p>\n<p>L&#8217;usuari accepta plenament i sense reserves les disposicions incloses en aquest Av\u00eds Legal, en la versi\u00f3 publicada per UNIQ RESIDENTIAL, S.L. en el moment mateix que l&#8217;Usuari accedeixi al lloc web.<\/p>\n<p>El lloc web pot ser visitat lliurement i l&#8217;Usuari es compromet a utilitzar els seus continguts i serveis de conformitat amb la llei, la moral, els bons costums i el present Av\u00eds Legal. A aquest efecte, l&#8217;Usuari s&#8217;abstindr\u00e0 d&#8217;utilitzar el lloc web amb finalitats o efectes il\u00b7l\u00edcits, prohibits i lesius dels drets i interessos de tercers.<\/p>\n<p>UNIQ RESIDENTIAL, S.L. no es responsabilitza dels errors o omissions, dels continguts del lloc web ni d&#8217;altres continguts als quals es pugui accedir a trav\u00e9s d&#8217;aquest, ni dels danys derivats de la utilitzaci\u00f3 del lloc web, ni per qualsevol actuaci\u00f3 realitzada sobre la base de la informaci\u00f3 que en ella es facilita.<\/p>\n<p>UNIQ RESIDENTIAL, S.L. ni garanteix l&#8217;abs\u00e8ncia de virus o altres elements lesius, que poguessin causar danys o alteracions en el sistema inform\u00e0tic, en els documents electr\u00f2nics o en els fitxers de l&#8217;usuari del lloc web; ni respon dels danys i perjudicis que tals elements poguessin ocasionar a l&#8217;Usuari o tercers.<\/p>\n<p>El lloc web t\u00e9 car\u00e0cter informatiu, per la qual cosa el seu contingut podr\u00e0 ser modificat, ampliat o suprimit en qualsevol moment, sense previ av\u00eds.<\/p>\n<p>UNIQ RESIDENTIAL, S.L. es reserva el dret d&#8217;actualitzar els continguts del lloc web i\/o d&#8217;eliminar-los, aix\u00ed com de limitar i impedir l&#8217;acc\u00e9s a aquests, ja sigui temporal o definitivament, sense pr\u00e8via notificaci\u00f3.<\/p>\n<h2>Drets de propietat intel\u00b7lectual i industrial<\/h2>\n<p>Tots els drets de propietat intel\u00b7lectual i\/o industrial del lloc web i de tots els seus continguts (textos, imatges, dissenys, creativitats, programari, codi font, fragment d&#8217;\u00e0udio, programes inform\u00e0tics, desc\u00e0rregues digitals, bases de dades, noms comercials, marques, logotips, i\/o qualsevol altre signe distintiu, etc.) que formin o hagin format part del mateix en algun moment, estan protegits per Llei i pertanyen a UNIQ RESIDENTIAL, S.L.<\/p>\n<p>En cap cas s&#8217;entendr\u00e0 que l&#8217;acc\u00e9s i \u00fas del lloc web implica la ren\u00fancia, transmissi\u00f3, llic\u00e8ncia, cessi\u00f3, total ni parcial, ni autoritzaci\u00f3 de cap classe, per a l&#8217;explotaci\u00f3, reproducci\u00f3, comunicaci\u00f3 p\u00fablica, difusi\u00f3, divulgaci\u00f3 i\/o transformaci\u00f3 ni del lloc web, ni dels seus continguts, entesos amb l&#8217;amplitud assenyalada en el punt anterior, ni tampoc dels drets de propietat intel\u00b7lectual i\/o industrial inherents a aquests.<\/p>\n<h2>Pol\u00edtica de Privacitat<\/h2>\n<p>UNIQ RESIDENTIAL, S.L. protegeix les dades personals segons el que s&#8217;estableix en el Reglament (UE) 2016\/679 del Parlament i del Consell, de 27 d&#8217;abril de 2016, relatiu a la protecci\u00f3 de les persones f\u00edsiques pel que fa al tractament de dades personals i a la lliure circulaci\u00f3 d&#8217;aquestes amb l&#8217;objecte que es respectin les llibertats i els drets fonamentals de les persones a qui pertanyin aquestes dades.<\/p>\n<p>Les seves dades seran tractades amb la m\u00e0xima confidencialitat per a gestionar la nostra relaci\u00f3 comercial. Les dades es conservaran fins que se sol\u00b7liciti la supressi\u00f3 a la seg\u00fcent adre\u00e7a dpo@uniqresidential.com, o ho estableixi una disposici\u00f3 legal. Pot presentar una reclamaci\u00f3 davant l&#8217;autoritat de control competent (www.aepd.es) si considera que el tractament no s&#8217;ajusta a la normativa vigent.<\/p>\n<p>UNIQ RESIDENTIAL, S.L. est\u00e0 legitimada per a tractar les seves dades perqu\u00e8 s\u00f3n necessaris per a prestar el servei sol\u00b7licitat o pel consentiment que ens atorga en els diferents formularis de contacte de la web.<\/p>\n<p>Les dades no se cediran a tercers excepte en els casos en qu\u00e8 existeixi una obligaci\u00f3 legal.<br \/>\nPer a exercir els drets d&#8217;acc\u00e9s, rectificaci\u00f3, supressi\u00f3 i portabilitat de les seves dades, i la limitaci\u00f3 o oposici\u00f3 al seu tractament, s&#8217;ha de dirigir per escrit a dpo@uniqresidential.com<\/p>\n<p>Els Usuaris, mitjan\u00e7ant la marcaci\u00f3 de les caselles corresponents i entrada de dades en els camps, marcats amb un asterisc (*) en el formulari de contacte o presentats en formularis de desc\u00e0rrega, accepten expressament i de forma lliure i inequ\u00edvoca, que les seves dades s\u00f3n necess\u00e0ries per a atendre la seva petici\u00f3, per part del prestador, sent volunt\u00e0ria la inclusi\u00f3 de dades en els camps restants. L&#8217;Usuari garanteix que les dades personals facilitades s\u00f3n certes i es fa responsable de comunicar qualsevol modificaci\u00f3 d&#8217;aquestes.<\/p>\n<p>UNIQ RESIDENTIAL, S.L. informa i garanteix expressament als usuaris que les seves dades personals no seran cedides en cap cas a tercers, i que sempre que realitz\u00e9s algun tipus de cessi\u00f3 de dades personals, es demanar\u00e0 pr\u00e8viament el consentiment expr\u00e9s, informat i inequ\u00edvoc per part els Usuaris. Totes les dades sol\u00b7licitades a trav\u00e9s del lloc web s\u00f3n obligat\u00f2ries, ja que s\u00f3n necess\u00e0ries per a la prestaci\u00f3 d&#8217;un servei \u00f2ptim a l&#8217;Usuari. En cas que no siguin facilitades totes les dades, no es garanteix que la informaci\u00f3 i serveis facilitats siguin completament ajustats a les seves necessitats.<\/p>\n<p>UNIQ RESIDENTIAL, S.L. est\u00e0 complint amb totes les disposicions de les normatives per al tractament de les dades personals de la seva responsabilitat, i amb els principis descrits en l&#8217;article 5 del GDPR, pels quals s\u00f3n tractats de manera l\u00edcita, lleial i transparent en relaci\u00f3 amb l&#8217;interessat i adequats, pertinents i limitats al necessari en relaci\u00f3 amb les finalitats per als quals s\u00f3n tractats.<br \/>\nUNIQ RESIDENTIAL, S.L. garanteix que ha implementat pol\u00edtiques t\u00e8cniques i organitzatives apropiades per a aplicar les mesures de seguretat que estableixen el GDPR amb la finalitat de protegir els drets i llibertats dels Usuaris i els ha comunicat la informaci\u00f3 adequada perqu\u00e8 puguin exercir-los.<\/p>\n<p>Adre\u00e7a: Passeig de Gr\u00e0cia, 77 pis 1r 08008 Barcelona.<br \/>\nTel.: +34 931 258 617<br \/>\nE-mail: dpo@uniqresidential.com<\/p>\n<h2>Enlla\u00e7os<\/h2>\n<p>L&#8217;empresa no assumeix cap responsabilitat sobre el contingut, informaci\u00f3 o serveis que puguin oferir els enlla\u00e7os que es presenten en el nostre lloc web, i que tenen car\u00e0cter merament informatiu.<\/p>\n<h2>Legislaci\u00f3 aplicable<\/h2>\n<p>La present Web \u00e9s regeix per la legislaci\u00f3 espanyola.<\/p>\n<h2>Politica de cookies<\/h2>\n<div id=\"cookiefirst-policy-page\"><\/div>\n","protected":false},"excerpt":{"rendered":"<p>UNIQ RESIDENTIAL, S.L. compleix amb els requisits establerts en la normativa actual sobre Protecci\u00f3 de Dades de Car\u00e0cter Personal i Comer\u00e7 Electr\u00f2nic. A tal fi, ha creat el seg\u00fcent Av\u00eds Legal: Informaci\u00f3 Denominaci\u00f3 social: UNIQ RESIDENTIAL, S.L. NIF: B-66338492. Dades d&#8217;inscripci\u00f3: Inscrita en el Registre Mercantil de Barcelona, Tom 44.424, Foli 57, Fulla B-455646. Nom [&hellip;]<\/p>\n","protected":false},"author":1,"featured_media":0,"parent":0,"menu_order":0,"comment_status":"closed","ping_status":"closed","template":"","meta":{"_acf_changed":false,"footnotes":""},"class_list":["post-18","page","type-page","status-publish","hentry"],"acf":[],"yoast_head":"<!-- This site is optimized with the Yoast SEO plugin v27.2 - https:\/\/yoast.com\/product\/yoast-seo-wordpress\/ -->\n<title>Av\u00eds legal - Casa Condeminas | UNIQ<\/title>\n<meta name=\"robots\" content=\"noindex, nofollow\" \/>\n<meta property=\"og:locale\" content=\"ca_ES\" \/>\n<meta property=\"og:type\" content=\"article\" \/>\n<meta property=\"og:title\" content=\"Av\u00eds legal - Casa Condeminas | UNIQ\" \/>\n<meta property=\"og:description\" content=\"UNIQ RESIDENTIAL, S.L. compleix amb els requisits establerts en la normativa actual sobre Protecci\u00f3 de Dades de Car\u00e0cter Personal i Comer\u00e7 Electr\u00f2nic. A tal fi, ha creat el seg\u00fcent Av\u00eds Legal: Informaci\u00f3 Denominaci\u00f3 social: UNIQ RESIDENTIAL, S.L. NIF: B-66338492. Dades d&#8217;inscripci\u00f3: Inscrita en el Registre Mercantil de Barcelona, Tom 44.424, Foli 57, Fulla B-455646. Nom [&hellip;]\" \/>\n<meta property=\"og:url\" content=\"https:\/\/www.casacondeminasbarcelona.com\/ca\/avis-legal\/\" \/>\n<meta property=\"og:site_name\" content=\"Casa Condeminas | UNIQ\" \/>\n<meta property=\"article:modified_time\" content=\"2023-03-27T17:40:59+00:00\" \/>\n<meta name=\"twitter:card\" content=\"summary_large_image\" \/>\n<meta name=\"twitter:label1\" content=\"Est. reading time\" \/>\n\t<meta name=\"twitter:data1\" content=\"6 minutes\" \/>\n<script type=\"application\/ld+json\" class=\"yoast-schema-graph\">{\"@context\":\"https:\/\/schema.org\",\"@graph\":[{\"@type\":\"WebPage\",\"@id\":\"https:\/\/www.casacondeminasbarcelona.com\/ca\/avis-legal\/\",\"url\":\"https:\/\/www.casacondeminasbarcelona.com\/ca\/avis-legal\/\",\"name\":\"Av\u00eds legal - Casa Condeminas | UNIQ\",\"isPartOf\":{\"@id\":\"https:\/\/www.casacondeminasbcn.com\/#website\"},\"datePublished\":\"2022-11-15T15:54:31+00:00\",\"dateModified\":\"2023-03-27T17:40:59+00:00\",\"breadcrumb\":{\"@id\":\"https:\/\/www.casacondeminasbarcelona.com\/ca\/avis-legal\/#breadcrumb\"},\"inLanguage\":\"ca\",\"potentialAction\":[{\"@type\":\"ReadAction\",\"target\":[\"https:\/\/www.casacondeminasbarcelona.com\/ca\/avis-legal\/\"]}]},{\"@type\":\"BreadcrumbList\",\"@id\":\"https:\/\/www.casacondeminasbarcelona.com\/ca\/avis-legal\/#breadcrumb\",\"itemListElement\":[{\"@type\":\"ListItem\",\"position\":1,\"name\":\"Portada\",\"item\":\"http:\/\/www.casacondeminasbcn.com\/ca\/\"},{\"@type\":\"ListItem\",\"position\":2,\"name\":\"Av\u00eds legal\"}]},{\"@type\":\"WebSite\",\"@id\":\"https:\/\/www.casacondeminasbcn.com\/#website\",\"url\":\"https:\/\/www.casacondeminasbcn.com\/\",\"name\":\"Casa Condeminas\",\"description\":\"Otro sitio realizado con WordPress\",\"publisher\":{\"@id\":\"https:\/\/www.casacondeminasbcn.com\/#organization\"},\"potentialAction\":[{\"@type\":\"SearchAction\",\"target\":{\"@type\":\"EntryPoint\",\"urlTemplate\":\"https:\/\/www.casacondeminasbcn.com\/?s={search_term_string}\"},\"query-input\":{\"@type\":\"PropertyValueSpecification\",\"valueRequired\":true,\"valueName\":\"search_term_string\"}}],\"inLanguage\":\"ca\"},{\"@type\":\"Organization\",\"@id\":\"https:\/\/www.casacondeminasbcn.com\/#organization\",\"name\":\"Casa Condeminas\",\"url\":\"https:\/\/www.casacondeminasbcn.com\/\",\"logo\":{\"@type\":\"ImageObject\",\"inLanguage\":\"ca\",\"@id\":\"https:\/\/www.casacondeminasbcn.com\/#\/schema\/logo\/image\/\",\"url\":\"https:\/\/hundreds-wordpress-uploads.s3.amazonaws.com\/condeminas\/uploads\/2023\/04\/logo_casa_condeminas.png\",\"contentUrl\":\"https:\/\/hundreds-wordpress-uploads.s3.amazonaws.com\/condeminas\/uploads\/2023\/04\/logo_casa_condeminas.png\",\"width\":246,\"height\":45,\"caption\":\"Casa Condeminas\"},\"image\":{\"@id\":\"https:\/\/www.casacondeminasbcn.com\/#\/schema\/logo\/image\/\"}}]}<\/script>\n<!-- \/ Yoast SEO plugin. -->","yoast_head_json":{"title":"Av\u00eds legal - Casa Condeminas | UNIQ","robots":{"index":"noindex","follow":"nofollow"},"og_locale":"ca_ES","og_type":"article","og_title":"Av\u00eds legal - Casa Condeminas | UNIQ","og_description":"UNIQ RESIDENTIAL, S.L. compleix amb els requisits establerts en la normativa actual sobre Protecci\u00f3 de Dades de Car\u00e0cter Personal i Comer\u00e7 Electr\u00f2nic. A tal fi, ha creat el seg\u00fcent Av\u00eds Legal: Informaci\u00f3 Denominaci\u00f3 social: UNIQ RESIDENTIAL, S.L. NIF: B-66338492. Dades d&#8217;inscripci\u00f3: Inscrita en el Registre Mercantil de Barcelona, Tom 44.424, Foli 57, Fulla B-455646. Nom [&hellip;]","og_url":"https:\/\/www.casacondeminasbarcelona.com\/ca\/avis-legal\/","og_site_name":"Casa Condeminas | UNIQ","article_modified_time":"2023-03-27T17:40:59+00:00","twitter_card":"summary_large_image","twitter_misc":{"Est. reading time":"6 minutes"},"schema":{"@context":"https:\/\/schema.org","@graph":[{"@type":"WebPage","@id":"https:\/\/www.casacondeminasbarcelona.com\/ca\/avis-legal\/","url":"https:\/\/www.casacondeminasbarcelona.com\/ca\/avis-legal\/","name":"Av\u00eds legal - Casa Condeminas | UNIQ","isPartOf":{"@id":"https:\/\/www.casacondeminasbcn.com\/#website"},"datePublished":"2022-11-15T15:54:31+00:00","dateModified":"2023-03-27T17:40:59+00:00","breadcrumb":{"@id":"https:\/\/www.casacondeminasbarcelona.com\/ca\/avis-legal\/#breadcrumb"},"inLanguage":"ca","potentialAction":[{"@type":"ReadAction","target":["https:\/\/www.casacondeminasbarcelona.com\/ca\/avis-legal\/"]}]},{"@type":"BreadcrumbList","@id":"https:\/\/www.casacondeminasbarcelona.com\/ca\/avis-legal\/#breadcrumb","itemListElement":[{"@type":"ListItem","position":1,"name":"Portada","item":"http:\/\/www.casacondeminasbcn.com\/ca\/"},{"@type":"ListItem","position":2,"name":"Av\u00eds legal"}]},{"@type":"WebSite","@id":"https:\/\/www.casacondeminasbcn.com\/#website","url":"https:\/\/www.casacondeminasbcn.com\/","name":"Casa Condeminas","description":"Otro sitio realizado con WordPress","publisher":{"@id":"https:\/\/www.casacondeminasbcn.com\/#organization"},"potentialAction":[{"@type":"SearchAction","target":{"@type":"EntryPoint","urlTemplate":"https:\/\/www.casacondeminasbcn.com\/?s={search_term_string}"},"query-input":{"@type":"PropertyValueSpecification","valueRequired":true,"valueName":"search_term_string"}}],"inLanguage":"ca"},{"@type":"Organization","@id":"https:\/\/www.casacondeminasbcn.com\/#organization","name":"Casa Condeminas","url":"https:\/\/www.casacondeminasbcn.com\/","logo":{"@type":"ImageObject","inLanguage":"ca","@id":"https:\/\/www.casacondeminasbcn.com\/#\/schema\/logo\/image\/","url":"https:\/\/hundreds-wordpress-uploads.s3.amazonaws.com\/condeminas\/uploads\/2023\/04\/logo_casa_condeminas.png","contentUrl":"https:\/\/hundreds-wordpress-uploads.s3.amazonaws.com\/condeminas\/uploads\/2023\/04\/logo_casa_condeminas.png","width":246,"height":45,"caption":"Casa Condeminas"},"image":{"@id":"https:\/\/www.casacondeminasbcn.com\/#\/schema\/logo\/image\/"}}]}},"_links":{"self":[{"href":"https:\/\/www.casacondeminasbarcelona.com\/ca\/wp-json\/wp\/v2\/pages\/18","targetHints":{"allow":["GET"]}}],"collection":[{"href":"https:\/\/www.casacondeminasbarcelona.com\/ca\/wp-json\/wp\/v2\/pages"}],"about":[{"href":"https:\/\/www.casacondeminasbarcelona.com\/ca\/wp-json\/wp\/v2\/types\/page"}],"author":[{"embeddable":true,"href":"https:\/\/www.casacondeminasbarcelona.com\/ca\/wp-json\/wp\/v2\/users\/1"}],"replies":[{"embeddable":true,"href":"https:\/\/www.casacondeminasbarcelona.com\/ca\/wp-json\/wp\/v2\/comments?post=18"}],"version-history":[{"count":3,"href":"https:\/\/www.casacondeminasbarcelona.com\/ca\/wp-json\/wp\/v2\/pages\/18\/revisions"}],"predecessor-version":[{"id":43,"href":"https:\/\/www.casacondeminasbarcelona.com\/ca\/wp-json\/wp\/v2\/pages\/18\/revisions\/43"}],"wp:attachment":[{"href":"https:\/\/www.casacondeminasbarcelona.com\/ca\/wp-json\/wp\/v2\/media?parent=18"}],"curies":[{"name":"wp","href":"https:\/\/api.w.org\/{rel}","templated":true}]}}